{"id":1608,"date":"2025-01-16T16:29:03","date_gmt":"2025-01-16T16:29:03","guid":{"rendered":"https:\/\/vivazenhealingresort.com\/?page_id=1608"},"modified":"2025-01-16T17:20:58","modified_gmt":"2025-01-16T17:20:58","slug":"landing-page","status":"publish","type":"page","link":"https:\/\/vivazenhealingresort.com\/es\/","title":{"rendered":"Landing Page"},"content":{"rendered":"<div data-elementor-type=\"wp-page\" data-elementor-id=\"1608\" class=\"elementor elementor-1608\" data-elementor-post-type=\"page\">\n\t\t\t\t<div class=\"elementor-element elementor-element-83f5c8c e-flex e-con-boxed e-con e-parent\" data-id=\"83f5c8c\" data-element_type=\"container\" data-settings=\"{&quot;background_background&quot;:&quot;classic&quot;}\">\n\t\t\t\t\t<div class=\"e-con-inner\">\n\t\t\t\t<div class=\"elementor-element elementor-element-0e7d3a7 elementor-widget elementor-widget-image\" data-id=\"0e7d3a7\" data-element_type=\"widget\" data-widget_type=\"image.default\">\n\t\t\t\t<div class=\"elementor-widget-container\">\n\t\t\t\t\t\t\t\t\t\t\t\t\t\t\t<img fetchpriority=\"high\" decoding=\"async\" width=\"940\" height=\"546\" src=\"https:\/\/vivazenhealingresort.com\/wp-content\/uploads\/2025\/01\/VIVAZEN-1-1024x595.png\" class=\"attachment-large size-large wp-image-1631\" alt=\"\" srcset=\"https:\/\/vivazenhealingresort.com\/wp-content\/uploads\/2025\/01\/VIVAZEN-1-1024x595.png 1024w, https:\/\/vivazenhealingresort.com\/wp-content\/uploads\/2025\/01\/VIVAZEN-1-300x174.png 300w, https:\/\/vivazenhealingresort.com\/wp-content\/uploads\/2025\/01\/VIVAZEN-1-768x446.png 768w, https:\/\/vivazenhealingresort.com\/wp-content\/uploads\/2025\/01\/VIVAZEN-1-1536x893.png 1536w, https:\/\/vivazenhealingresort.com\/wp-content\/uploads\/2025\/01\/VIVAZEN-1-18x10.png 18w, https:\/\/vivazenhealingresort.com\/wp-content\/uploads\/2025\/01\/VIVAZEN-1-1366x794.png 1366w, https:\/\/vivazenhealingresort.com\/wp-content\/uploads\/2025\/01\/VIVAZEN-1-1920x1116.png 1920w\" sizes=\"(max-width: 940px) 100vw, 940px\" title=\"VIVAZEN 1\" \/>\t\t\t\t\t\t\t\t\t\t\t\t\t\t\t<\/div>\n\t\t\t\t<\/div>\n\t\t\t\t<div class=\"elementor-element elementor-element-a93b560 elementor-widget elementor-widget-heading\" data-id=\"a93b560\" data-element_type=\"widget\" data-widget_type=\"heading.default\">\n\t\t\t\t<div class=\"elementor-widget-container\">\n\t\t\t\t\t<h2 class=\"elementor-heading-title elementor-size-default\">\u00a1Tu viaje hacia el bienestar comienza aqu\u00ed!<\/h2>\t\t\t\t<\/div>\n\t\t\t\t<\/div>\n\t\t\t\t<div class=\"elementor-element elementor-element-50a6707 elementor-widget elementor-widget-text-editor\" data-id=\"50a6707\" data-element_type=\"widget\" data-widget_type=\"text-editor.default\">\n\t\t\t\t<div class=\"elementor-widget-container\">\n\t\t\t\t\t\t\t\t\t<p>Descubra el destino definitivo para la renovaci\u00f3n, a las afueras de Santo Domingo. Nuestro resort de curaci\u00f3n hol\u00edstica es un oasis sereno donde puedes desintoxicarte, restaurar el equilibrio y sanar tu cuerpo de forma natural. Desde terapias nutritivas hasta un entorno tranquilo, todo aqu\u00ed est\u00e1 dise\u00f1ado para nutrir su bienestar.<\/p>\t\t\t\t\t\t\t\t<\/div>\n\t\t\t\t<\/div>\n\t\t\t\t<div class=\"elementor-element elementor-element-5ff4cb6 elementor-widget-tablet__width-initial elementor-widget elementor-widget-html\" data-id=\"5ff4cb6\" data-element_type=\"widget\" data-widget_type=\"html.default\">\n\t\t\t\t<div class=\"elementor-widget-container\">\n\t\t\t\t\t<iframe allowtransparency=\"true\" \r\n     width=\"300\"\r\n     height=\"220px\"\r\n     src=\"https:\/\/forms.inflo.business\/\/vivazen\/forms?formref=40\">\r\n   <\/iframe>\t\t\t\t<\/div>\n\t\t\t\t<\/div>\n\t\t\t\t<div class=\"elementor-element elementor-element-745c45a elementor-widget elementor-widget-text-editor\" data-id=\"745c45a\" data-element_type=\"widget\" data-widget_type=\"text-editor.default\">\n\t\t\t\t<div class=\"elementor-widget-container\">\n\t\t\t\t\t\t\t\t\t<p>Lanzamiento pronto: Comience su viaje de curaci\u00f3n con nosotros<\/p>\t\t\t\t\t\t\t\t<\/div>\n\t\t\t\t<\/div>\n\t\t\t\t\t<\/div>\n\t\t\t\t<\/div>\n\t\t\t\t<\/div>","protected":false},"excerpt":{"rendered":"<p>Your Journey to Wellness Begins Here! Discover the ultimate destination for renewal, right outside Santo Domingo. Our holistic healing resort is a serene oasis where you can detox, restore balance, and heal your body naturally. From nourishing therapies to tranquil surroundings, everything here is designed to nurture your well-being. Launching Soon: Begin your healing journey [&hellip;]<\/p>","protected":false},"author":2,"featured_media":0,"parent":0,"menu_order":0,"comment_status":"closed","ping_status":"closed","template":"elementor_canvas","meta":{"footnotes":""},"class_list":["post-1608","page","type-page","status-publish","hentry"],"_links":{"self":[{"href":"https:\/\/vivazenhealingresort.com\/es\/wp-json\/wp\/v2\/pages\/1608","targetHints":{"allow":["GET"]}}],"collection":[{"href":"https:\/\/vivazenhealingresort.com\/es\/wp-json\/wp\/v2\/pages"}],"about":[{"href":"https:\/\/vivazenhealingresort.com\/es\/wp-json\/wp\/v2\/types\/page"}],"author":[{"embeddable":true,"href":"https:\/\/vivazenhealingresort.com\/es\/wp-json\/wp\/v2\/users\/2"}],"replies":[{"embeddable":true,"href":"https:\/\/vivazenhealingresort.com\/es\/wp-json\/wp\/v2\/comments?post=1608"}],"version-history":[{"count":20,"href":"https:\/\/vivazenhealingresort.com\/es\/wp-json\/wp\/v2\/pages\/1608\/revisions"}],"predecessor-version":[{"id":1638,"href":"https:\/\/vivazenhealingresort.com\/es\/wp-json\/wp\/v2\/pages\/1608\/revisions\/1638"}],"wp:attachment":[{"href":"https:\/\/vivazenhealingresort.com\/es\/wp-json\/wp\/v2\/media?parent=1608"}],"curies":[{"name":"wp","href":"https:\/\/api.w.org\/{rel}","templated":true}]}}