{"id":1434,"date":"2025-01-09T15:32:04","date_gmt":"2025-01-09T15:32:04","guid":{"rendered":"https:\/\/vivazenhealingresort.com\/?page_id=1434"},"modified":"2025-01-09T15:37:50","modified_gmt":"2025-01-09T15:37:50","slug":"chiropractic","status":"publish","type":"page","link":"https:\/\/vivazenhealingresort.com\/es\/chiropractic\/","title":{"rendered":"La quiropr\u00e1ctica"},"content":{"rendered":"<div data-elementor-type=\"wp-post\" data-elementor-id=\"1434\" class=\"elementor elementor-1434\" data-elementor-post-type=\"page\">\n\t\t\t\t<div class=\"elementor-element elementor-element-6bf01f1 e-con-full e-flex e-con e-parent\" data-id=\"6bf01f1\" data-element_type=\"container\" data-settings=\"{&quot;background_background&quot;:&quot;classic&quot;}\">\n\t\t\t\t<div class=\"elementor-element elementor-element-fe25d65 elementor-widget elementor-widget-spacer\" data-id=\"fe25d65\" data-element_type=\"widget\" data-widget_type=\"spacer.default\">\n\t\t\t\t<div class=\"elementor-widget-container\">\n\t\t\t\t\t\t\t<div class=\"elementor-spacer\">\n\t\t\t<div class=\"elementor-spacer-inner\"><\/div>\n\t\t<\/div>\n\t\t\t\t\t\t<\/div>\n\t\t\t\t<\/div>\n\t\t<div class=\"elementor-element elementor-element-7e42324 e-con-full e-flex e-con e-child\" data-id=\"7e42324\" data-element_type=\"container\">\n\t\t\t\t<div class=\"elementor-element elementor-element-47635f6 elementor-widget elementor-widget-spacer\" data-id=\"47635f6\" data-element_type=\"widget\" data-widget_type=\"spacer.default\">\n\t\t\t\t<div class=\"elementor-widget-container\">\n\t\t\t\t\t\t\t<div class=\"elementor-spacer\">\n\t\t\t<div class=\"elementor-spacer-inner\"><\/div>\n\t\t<\/div>\n\t\t\t\t\t\t<\/div>\n\t\t\t\t<\/div>\n\t\t\t\t<div class=\"elementor-element elementor-element-ae689cc elementor-widget elementor-widget-heading\" data-id=\"ae689cc\" data-element_type=\"widget\" data-widget_type=\"heading.default\">\n\t\t\t\t<div class=\"elementor-widget-container\">\n\t\t\t\t\t<h2 class=\"elementor-heading-title elementor-size-default\"> La quiropr\u00e1ctica<\/h2>\t\t\t\t<\/div>\n\t\t\t\t<\/div>\n\t\t\t\t<div class=\"elementor-element elementor-element-dce0cd6 elementor-widget__width-initial elementor-widget-tablet__width-initial elementor-widget elementor-widget-text-editor\" data-id=\"dce0cd6\" data-element_type=\"widget\" data-widget_type=\"text-editor.default\">\n\t\t\t\t<div class=\"elementor-widget-container\">\n\t\t\t\t\t\t\t\t\t<p>Los ajustes de la columna para aliviar el dolor muscular y mejorar la movilidad.<\/p>\t\t\t\t\t\t\t\t<\/div>\n\t\t\t\t<\/div>\n\t\t\t\t<div class=\"elementor-element elementor-element-588f300 elementor-widget elementor-widget-global elementor-global-1328 elementor-widget-button\" data-id=\"588f300\" data-element_type=\"widget\" data-widget_type=\"button.default\">\n\t\t\t\t<div class=\"elementor-widget-container\">\n\t\t\t\t\t\t\t\t\t<div class=\"elementor-button-wrapper\">\n\t\t\t\t\t<a class=\"elementor-button elementor-button-link elementor-size-sm elementor-animation-grow\" href=\"#\">\n\t\t\t\t\t\t<span class=\"elementor-button-content-wrapper\">\n\t\t\t\t\t\t<span class=\"elementor-button-icon\">\n\t\t\t\t<i aria-hidden=\"true\" class=\"icon icon-chevron-right-circle\"><\/i>\t\t\t<\/span>\n\t\t\t\t\t\t\t\t\t<span class=\"elementor-button-text\">RESERVA AHORA<\/span>\n\t\t\t\t\t<\/span>\n\t\t\t\t\t<\/a>\n\t\t\t\t<\/div>\n\t\t\t\t\t\t\t\t<\/div>\n\t\t\t\t<\/div>\n\t\t\t\t<div class=\"elementor-element elementor-element-6988cf6 elementor-widget elementor-widget-spacer\" data-id=\"6988cf6\" data-element_type=\"widget\" data-widget_type=\"spacer.default\">\n\t\t\t\t<div class=\"elementor-widget-container\">\n\t\t\t\t\t\t\t<div class=\"elementor-spacer\">\n\t\t\t<div class=\"elementor-spacer-inner\"><\/div>\n\t\t<\/div>\n\t\t\t\t\t\t<\/div>\n\t\t\t\t<\/div>\n\t\t\t\t<\/div>\n\t\t<div class=\"elementor-element elementor-element-826b9d2 e-con-full e-flex e-con e-child\" data-id=\"826b9d2\" data-element_type=\"container\">\n\t\t\t\t<\/div>\n\t\t\t\t<\/div>\n\t\t\t\t<section class=\"elementor-section elementor-top-section elementor-element elementor-element-cac4d87 elementor-section-stretched elementor-section-full_width elementor-section-height-default elementor-section-height-default\" data-id=\"cac4d87\" data-element_type=\"section\" data-settings=\"{&quot;stretch_section&quot;:&quot;section-stretched&quot;,&quot;background_background&quot;:&quot;classic&quot;}\">\n\t\t\t\t\t\t<div class=\"elementor-container elementor-column-gap-extended\">\n\t\t\t\t\t<div class=\"elementor-column elementor-col-50 elementor-top-column elementor-element elementor-element-f186832\" data-id=\"f186832\" data-element_type=\"column\">\n\t\t\t<div class=\"elementor-widget-wrap elementor-element-populated\">\n\t\t\t\t\t\t<div class=\"elementor-element elementor-element-27295b9 elementor-widget__width-initial elementor-widget elementor-widget-image\" data-id=\"27295b9\" data-element_type=\"widget\" data-widget_type=\"image.default\">\n\t\t\t\t<div class=\"elementor-widget-container\">\n\t\t\t\t\t\t\t\t\t\t\t\t\t\t\t<img fetchpriority=\"high\" decoding=\"async\" width=\"1280\" height=\"1190\" src=\"https:\/\/vivazenhealingresort.com\/wp-content\/uploads\/2019\/04\/image-59.jpg\" class=\"attachment-full size-full wp-image-431\" alt=\"\" srcset=\"https:\/\/vivazenhealingresort.com\/wp-content\/uploads\/2019\/04\/image-59.jpg 1280w, https:\/\/vivazenhealingresort.com\/wp-content\/uploads\/2019\/04\/image-59-300x279.jpg 300w, https:\/\/vivazenhealingresort.com\/wp-content\/uploads\/2019\/04\/image-59-1024x952.jpg 1024w, https:\/\/vivazenhealingresort.com\/wp-content\/uploads\/2019\/04\/image-59-768x714.jpg 768w, https:\/\/vivazenhealingresort.com\/wp-content\/uploads\/2019\/04\/image-59-480x446.jpg 480w\" sizes=\"(max-width: 1280px) 100vw, 1280px\" title=\"imagen-59\" \/>\t\t\t\t\t\t\t\t\t\t\t\t\t\t\t<\/div>\n\t\t\t\t<\/div>\n\t\t\t\t\t<\/div>\n\t\t<\/div>\n\t\t\t\t<div class=\"elementor-column elementor-col-50 elementor-top-column elementor-element elementor-element-440afaf\" data-id=\"440afaf\" data-element_type=\"column\">\n\t\t\t<div class=\"elementor-widget-wrap elementor-element-populated\">\n\t\t\t\t\t\t<div class=\"elementor-element elementor-element-7101431 elementor-widget elementor-widget-heading\" data-id=\"7101431\" data-element_type=\"widget\" data-widget_type=\"heading.default\">\n\t\t\t\t<div class=\"elementor-widget-container\">\n\t\t\t\t\t<h1 class=\"elementor-heading-title elementor-size-default\"> La quiropr\u00e1ctica<\/h1>\t\t\t\t<\/div>\n\t\t\t\t<\/div>\n\t\t\t\t<div class=\"elementor-element elementor-element-de9a682 elementor-widget elementor-widget-text-editor\" data-id=\"de9a682\" data-element_type=\"widget\" data-widget_type=\"text-editor.default\">\n\t\t\t\t<div class=\"elementor-widget-container\">\n\t\t\t\t\t\t\t\t\t<p>Es una alternativa y complementaria del enfoque de salud que se centra en el diagn\u00f3stico y tratamiento de los trastornos musculoesquel\u00e9ticos, especialmente de la columna vertebral.<\/p>\t\t\t\t\t\t\t\t<\/div>\n\t\t\t\t<\/div>\n\t\t\t\t<div class=\"elementor-element elementor-element-16531f1 elementor-widget elementor-widget-button\" data-id=\"16531f1\" data-element_type=\"widget\" data-widget_type=\"button.default\">\n\t\t\t\t<div class=\"elementor-widget-container\">\n\t\t\t\t\t\t\t\t\t<div class=\"elementor-button-wrapper\">\n\t\t\t\t\t<a class=\"elementor-button elementor-button-link elementor-size-sm elementor-animation-grow\" href=\"#\">\n\t\t\t\t\t\t<span class=\"elementor-button-content-wrapper\">\n\t\t\t\t\t\t\t\t\t<span class=\"elementor-button-text\">Reserva Ahora<\/span>\n\t\t\t\t\t<\/span>\n\t\t\t\t\t<\/a>\n\t\t\t\t<\/div>\n\t\t\t\t\t\t\t\t<\/div>\n\t\t\t\t<\/div>\n\t\t\t\t\t<\/div>\n\t\t<\/div>\n\t\t\t\t\t<\/div>\n\t\t<\/section>\n\t\t\t\t<section class=\"elementor-section elementor-top-section elementor-element elementor-element-50189d1 elementor-section-boxed elementor-section-height-default elementor-section-height-default\" data-id=\"50189d1\" data-element_type=\"section\" data-settings=\"{&quot;background_background&quot;:&quot;classic&quot;}\">\n\t\t\t\t\t\t<div class=\"elementor-container elementor-column-gap-default\">\n\t\t\t\t\t<div class=\"elementor-column elementor-col-100 elementor-top-column elementor-element elementor-element-9cc067a\" data-id=\"9cc067a\" data-element_type=\"column\">\n\t\t\t<div class=\"elementor-widget-wrap elementor-element-populated\">\n\t\t\t\t\t\t<div class=\"elementor-element elementor-element-a9a803a elementor-widget elementor-widget-heading\" data-id=\"a9a803a\" data-element_type=\"widget\" data-widget_type=\"heading.default\">\n\t\t\t\t<div class=\"elementor-widget-container\">\n\t\t\t\t\t<h2 class=\"elementor-heading-title elementor-size-default\"> Beneficios<\/h2>\t\t\t\t<\/div>\n\t\t\t\t<\/div>\n\t\t\t\t<div class=\"elementor-element elementor-element-1fbfe05 elementor-widget elementor-widget-text-editor\" data-id=\"1fbfe05\" data-element_type=\"widget\" data-widget_type=\"text-editor.default\">\n\t\t\t\t<div class=\"elementor-widget-container\">\n\t\t\t\t\t\t\t\t\t<p>1. Alivio del dolor: el cuidado de la Quiropr\u00e1ctica se utiliza a menudo para tratar la espalda, el cuello y dolor en las articulaciones. Los ajustes quiropr\u00e1cticos pueden aliviar la tensi\u00f3n muscular y mejorar la movilidad.<\/p><p>2. Mejora la Funci\u00f3n del Sistema Nervioso: los Quiropr\u00e1cticos ayudan a restaurar la correcta comunicaci\u00f3n entre el cerebro y el cuerpo mediante la eliminaci\u00f3n de interferencias en el sistema nervioso.<\/p><p>3. Medicina Libre de Tratamiento: la Quiropr\u00e1ctica se centra en tratamientos no invasivos y no al uso de medicamentos, lo que puede ser atractivo para aquellos que desean evitar las drogas.<\/p><p>4. Enfoque hol\u00edstico: Quiropr\u00e1cticos normalmente promover un enfoque hol\u00edstico de la salud, que incluye la nutrici\u00f3n, el ejercicio y el bienestar general.<\/p>\t\t\t\t\t\t\t\t<\/div>\n\t\t\t\t<\/div>\n\t\t\t\t<div class=\"elementor-element elementor-element-0dc5b25 elementor-widget elementor-widget-spacer\" data-id=\"0dc5b25\" data-element_type=\"widget\" data-widget_type=\"spacer.default\">\n\t\t\t\t<div class=\"elementor-widget-container\">\n\t\t\t\t\t\t\t<div class=\"elementor-spacer\">\n\t\t\t<div class=\"elementor-spacer-inner\"><\/div>\n\t\t<\/div>\n\t\t\t\t\t\t<\/div>\n\t\t\t\t<\/div>\n\t\t\t\t\t<\/div>\n\t\t<\/div>\n\t\t\t\t\t<\/div>\n\t\t<\/section>\n\t\t\t\t<\/div>","protected":false},"excerpt":{"rendered":"<p>Chiropractic Spinal adjustments to relieve muscle pain and improve mobility. BOOK NOW Chiropractic Is an alternative and complementary healthcare approach that focuses on the diagnosis and treatment of musculoskeletal disorders, especially the spine. Book Now Benefits 1. Pain Relief: Chiropractic care is often used to treat back, neck, and joint pain. Chiropractic adjustments can alleviate [&hellip;]<\/p>","protected":false},"author":2,"featured_media":0,"parent":0,"menu_order":0,"comment_status":"closed","ping_status":"closed","template":"elementor_header_footer","meta":{"footnotes":""},"class_list":["post-1434","page","type-page","status-publish","hentry"],"_links":{"self":[{"href":"https:\/\/vivazenhealingresort.com\/es\/wp-json\/wp\/v2\/pages\/1434","targetHints":{"allow":["GET"]}}],"collection":[{"href":"https:\/\/vivazenhealingresort.com\/es\/wp-json\/wp\/v2\/pages"}],"about":[{"href":"https:\/\/vivazenhealingresort.com\/es\/wp-json\/wp\/v2\/types\/page"}],"author":[{"embeddable":true,"href":"https:\/\/vivazenhealingresort.com\/es\/wp-json\/wp\/v2\/users\/2"}],"replies":[{"embeddable":true,"href":"https:\/\/vivazenhealingresort.com\/es\/wp-json\/wp\/v2\/comments?post=1434"}],"version-history":[{"count":8,"href":"https:\/\/vivazenhealingresort.com\/es\/wp-json\/wp\/v2\/pages\/1434\/revisions"}],"predecessor-version":[{"id":1637,"href":"https:\/\/vivazenhealingresort.com\/es\/wp-json\/wp\/v2\/pages\/1434\/revisions\/1637"}],"wp:attachment":[{"href":"https:\/\/vivazenhealingresort.com\/es\/wp-json\/wp\/v2\/media?parent=1434"}],"curies":[{"name":"wp","href":"https:\/\/api.w.org\/{rel}","templated":true}]}}