{"id":1417,"date":"2025-01-09T15:15:56","date_gmt":"2025-01-09T15:15:56","guid":{"rendered":"https:\/\/vivazenhealingresort.com\/?page_id=1417"},"modified":"2025-01-09T15:20:58","modified_gmt":"2025-01-09T15:20:58","slug":"bioidentical-hormone-therapy","status":"publish","type":"page","link":"https:\/\/vivazenhealingresort.com\/es\/bioidentical-hormone-therapy\/","title":{"rendered":"La terapia de hormonas bioid\u00e9nticas"},"content":{"rendered":"<div data-elementor-type=\"wp-post\" data-elementor-id=\"1417\" class=\"elementor elementor-1417\" data-elementor-post-type=\"page\">\n\t\t\t\t<div class=\"elementor-element elementor-element-6bf01f1 e-con-full e-flex e-con e-parent\" data-id=\"6bf01f1\" data-element_type=\"container\" data-settings=\"{&quot;background_background&quot;:&quot;classic&quot;}\">\n\t\t\t\t<div class=\"elementor-element elementor-element-fe25d65 elementor-widget elementor-widget-spacer\" data-id=\"fe25d65\" data-element_type=\"widget\" data-widget_type=\"spacer.default\">\n\t\t\t\t<div class=\"elementor-widget-container\">\n\t\t\t\t\t\t\t<div class=\"elementor-spacer\">\n\t\t\t<div class=\"elementor-spacer-inner\"><\/div>\n\t\t<\/div>\n\t\t\t\t\t\t<\/div>\n\t\t\t\t<\/div>\n\t\t<div class=\"elementor-element elementor-element-7e42324 e-con-full e-flex e-con e-child\" data-id=\"7e42324\" data-element_type=\"container\">\n\t\t\t\t<div class=\"elementor-element elementor-element-47635f6 elementor-widget elementor-widget-spacer\" data-id=\"47635f6\" data-element_type=\"widget\" data-widget_type=\"spacer.default\">\n\t\t\t\t<div class=\"elementor-widget-container\">\n\t\t\t\t\t\t\t<div class=\"elementor-spacer\">\n\t\t\t<div class=\"elementor-spacer-inner\"><\/div>\n\t\t<\/div>\n\t\t\t\t\t\t<\/div>\n\t\t\t\t<\/div>\n\t\t\t\t<div class=\"elementor-element elementor-element-ae689cc elementor-widget elementor-widget-heading\" data-id=\"ae689cc\" data-element_type=\"widget\" data-widget_type=\"heading.default\">\n\t\t\t\t<div class=\"elementor-widget-container\">\n\t\t\t\t\t<h2 class=\"elementor-heading-title elementor-size-default\">La Terapia De Reemplazo Hormonal<\/h2>\t\t\t\t<\/div>\n\t\t\t\t<\/div>\n\t\t\t\t<div class=\"elementor-element elementor-element-dce0cd6 elementor-widget__width-initial elementor-widget-tablet__width-initial elementor-widget elementor-widget-text-editor\" data-id=\"dce0cd6\" data-element_type=\"widget\" data-widget_type=\"text-editor.default\">\n\t\t\t\t<div class=\"elementor-widget-container\">\n\t\t\t\t\t\t\t\t\t<p>Natural balance hormonal para mejorar los s\u00edntomas de la menopausia y la salud en general.<\/p>\t\t\t\t\t\t\t\t<\/div>\n\t\t\t\t<\/div>\n\t\t\t\t<div class=\"elementor-element elementor-element-588f300 elementor-widget elementor-widget-global elementor-global-1328 elementor-widget-button\" data-id=\"588f300\" data-element_type=\"widget\" data-widget_type=\"button.default\">\n\t\t\t\t<div class=\"elementor-widget-container\">\n\t\t\t\t\t\t\t\t\t<div class=\"elementor-button-wrapper\">\n\t\t\t\t\t<a class=\"elementor-button elementor-button-link elementor-size-sm elementor-animation-grow\" href=\"#\">\n\t\t\t\t\t\t<span class=\"elementor-button-content-wrapper\">\n\t\t\t\t\t\t<span class=\"elementor-button-icon\">\n\t\t\t\t<i aria-hidden=\"true\" class=\"icon icon-chevron-right-circle\"><\/i>\t\t\t<\/span>\n\t\t\t\t\t\t\t\t\t<span class=\"elementor-button-text\">RESERVA AHORA<\/span>\n\t\t\t\t\t<\/span>\n\t\t\t\t\t<\/a>\n\t\t\t\t<\/div>\n\t\t\t\t\t\t\t\t<\/div>\n\t\t\t\t<\/div>\n\t\t\t\t<div class=\"elementor-element elementor-element-6988cf6 elementor-widget elementor-widget-spacer\" data-id=\"6988cf6\" data-element_type=\"widget\" data-widget_type=\"spacer.default\">\n\t\t\t\t<div class=\"elementor-widget-container\">\n\t\t\t\t\t\t\t<div class=\"elementor-spacer\">\n\t\t\t<div class=\"elementor-spacer-inner\"><\/div>\n\t\t<\/div>\n\t\t\t\t\t\t<\/div>\n\t\t\t\t<\/div>\n\t\t\t\t<\/div>\n\t\t<div class=\"elementor-element elementor-element-826b9d2 e-con-full e-flex e-con e-child\" data-id=\"826b9d2\" data-element_type=\"container\">\n\t\t\t\t<\/div>\n\t\t\t\t<\/div>\n\t\t\t\t<section class=\"elementor-section elementor-top-section elementor-element elementor-element-cac4d87 elementor-section-stretched elementor-section-full_width elementor-section-height-default elementor-section-height-default\" data-id=\"cac4d87\" data-element_type=\"section\" data-settings=\"{&quot;stretch_section&quot;:&quot;section-stretched&quot;,&quot;background_background&quot;:&quot;classic&quot;}\">\n\t\t\t\t\t\t<div class=\"elementor-container elementor-column-gap-extended\">\n\t\t\t\t\t<div class=\"elementor-column elementor-col-50 elementor-top-column elementor-element elementor-element-f186832\" data-id=\"f186832\" data-element_type=\"column\">\n\t\t\t<div class=\"elementor-widget-wrap elementor-element-populated\">\n\t\t\t\t\t\t<div class=\"elementor-element elementor-element-27295b9 elementor-widget__width-initial elementor-widget elementor-widget-image\" data-id=\"27295b9\" data-element_type=\"widget\" data-widget_type=\"image.default\">\n\t\t\t\t<div class=\"elementor-widget-container\">\n\t\t\t\t\t\t\t\t\t\t\t\t\t\t\t<img fetchpriority=\"high\" decoding=\"async\" width=\"1280\" height=\"1190\" src=\"https:\/\/vivazenhealingresort.com\/wp-content\/uploads\/2019\/04\/image-59.jpg\" class=\"attachment-full size-full wp-image-431\" alt=\"\" srcset=\"https:\/\/vivazenhealingresort.com\/wp-content\/uploads\/2019\/04\/image-59.jpg 1280w, https:\/\/vivazenhealingresort.com\/wp-content\/uploads\/2019\/04\/image-59-300x279.jpg 300w, https:\/\/vivazenhealingresort.com\/wp-content\/uploads\/2019\/04\/image-59-1024x952.jpg 1024w, https:\/\/vivazenhealingresort.com\/wp-content\/uploads\/2019\/04\/image-59-768x714.jpg 768w, https:\/\/vivazenhealingresort.com\/wp-content\/uploads\/2019\/04\/image-59-480x446.jpg 480w\" sizes=\"(max-width: 1280px) 100vw, 1280px\" title=\"imagen-59\" \/>\t\t\t\t\t\t\t\t\t\t\t\t\t\t\t<\/div>\n\t\t\t\t<\/div>\n\t\t\t\t\t<\/div>\n\t\t<\/div>\n\t\t\t\t<div class=\"elementor-column elementor-col-50 elementor-top-column elementor-element elementor-element-440afaf\" data-id=\"440afaf\" data-element_type=\"column\">\n\t\t\t<div class=\"elementor-widget-wrap elementor-element-populated\">\n\t\t\t\t\t\t<div class=\"elementor-element elementor-element-7101431 elementor-widget elementor-widget-heading\" data-id=\"7101431\" data-element_type=\"widget\" data-widget_type=\"heading.default\">\n\t\t\t\t<div class=\"elementor-widget-container\">\n\t\t\t\t\t<h1 class=\"elementor-heading-title elementor-size-default\">La Terapia De Reemplazo Hormonal<\/h1>\t\t\t\t<\/div>\n\t\t\t\t<\/div>\n\t\t\t\t<div class=\"elementor-element elementor-element-de9a682 elementor-widget elementor-widget-text-editor\" data-id=\"de9a682\" data-element_type=\"widget\" data-widget_type=\"text-editor.default\">\n\t\t\t\t<div class=\"elementor-widget-container\">\n\t\t\t\t\t\t\t\t\t<p>La terapia de hormonas bioid\u00e9nticas es un enfoque m\u00e9dico que implican el uso de hormonas que son molecularmente id\u00e9ntica a la de las hormonas producidas naturalmente en el cuerpo humano. Estas hormonas son normalmente derivan de fuentes vegetales y formulado para ser qu\u00edmicamente id\u00e9ntica a la de las hormonas end\u00f3genas.<\/p><p>La terapia de hormonas bioid\u00e9nticas se origin\u00f3 en respuesta a las preocupaciones acerca de la terapia convencional de la hormona, que utiliza sint\u00e9tico o de equino hormonas (derivado de las yeguas embarazadas) en la terapia de reemplazo hormonal (TRH) para las mujeres posmenop\u00e1usicas. La idea era ofrecer una forma m\u00e1s natural y personalizada alternativa para abordar los desequilibrios hormonales.<\/p>\t\t\t\t\t\t\t\t<\/div>\n\t\t\t\t<\/div>\n\t\t\t\t<div class=\"elementor-element elementor-element-16531f1 elementor-widget elementor-widget-button\" data-id=\"16531f1\" data-element_type=\"widget\" data-widget_type=\"button.default\">\n\t\t\t\t<div class=\"elementor-widget-container\">\n\t\t\t\t\t\t\t\t\t<div class=\"elementor-button-wrapper\">\n\t\t\t\t\t<a class=\"elementor-button elementor-button-link elementor-size-sm elementor-animation-grow\" href=\"#\">\n\t\t\t\t\t\t<span class=\"elementor-button-content-wrapper\">\n\t\t\t\t\t\t\t\t\t<span class=\"elementor-button-text\">Reserva Ahora<\/span>\n\t\t\t\t\t<\/span>\n\t\t\t\t\t<\/a>\n\t\t\t\t<\/div>\n\t\t\t\t\t\t\t\t<\/div>\n\t\t\t\t<\/div>\n\t\t\t\t\t<\/div>\n\t\t<\/div>\n\t\t\t\t\t<\/div>\n\t\t<\/section>\n\t\t\t\t<section class=\"elementor-section elementor-top-section elementor-element elementor-element-50189d1 elementor-section-boxed elementor-section-height-default elementor-section-height-default\" data-id=\"50189d1\" data-element_type=\"section\" data-settings=\"{&quot;background_background&quot;:&quot;classic&quot;}\">\n\t\t\t\t\t\t<div class=\"elementor-container elementor-column-gap-default\">\n\t\t\t\t\t<div class=\"elementor-column elementor-col-100 elementor-top-column elementor-element elementor-element-9cc067a\" data-id=\"9cc067a\" data-element_type=\"column\">\n\t\t\t<div class=\"elementor-widget-wrap elementor-element-populated\">\n\t\t\t\t\t\t<div class=\"elementor-element elementor-element-a9a803a elementor-widget elementor-widget-heading\" data-id=\"a9a803a\" data-element_type=\"widget\" data-widget_type=\"heading.default\">\n\t\t\t\t<div class=\"elementor-widget-container\">\n\t\t\t\t\t<h2 class=\"elementor-heading-title elementor-size-default\">Beneficios Potenciales<\/h2>\t\t\t\t<\/div>\n\t\t\t\t<\/div>\n\t\t\t\t<div class=\"elementor-element elementor-element-1fbfe05 elementor-widget elementor-widget-text-editor\" data-id=\"1fbfe05\" data-element_type=\"widget\" data-widget_type=\"text-editor.default\">\n\t\t\t\t<div class=\"elementor-widget-container\">\n\t\t\t\t\t\t\t\t\t<p>La terapia de hormonas bioid\u00e9nticas ha sido utilizado para tratar una variedad de problemas de salud, aunque la evidencia cient\u00edfica y los resultados var\u00edan:<\/p><p>1. El alivio de los S\u00edntomas de la Menopausia: Se ha utilizado para aliviar los sofocos, sudores nocturnos, sequedad vaginal y otros s\u00edntomas de la menopausia.<\/p><p>2. El Equilibrio Hormonal: se utiliza en casos de desequilibrios hormonales, tales como suprarrenal<br \/>insuficiencia, s\u00edndrome de fatiga cr\u00f3nica, o el hipotiroidismo.<\/p><p>3. La mejora de la Salud de los Huesos: HRT con hormonas bioid\u00e9nticas puede ayudar a preservar la densidad \u00f3sea y reducir el riesgo de osteoporosis.<\/p><p>4. Salud Cardiovascular: Algunos sostienen que la terapia puede tener un efecto protector en la salud cardiovascular por mantener sano el perfil de l\u00edpidos.<\/p>\t\t\t\t\t\t\t\t<\/div>\n\t\t\t\t<\/div>\n\t\t\t\t<div class=\"elementor-element elementor-element-0dc5b25 elementor-widget elementor-widget-spacer\" data-id=\"0dc5b25\" data-element_type=\"widget\" data-widget_type=\"spacer.default\">\n\t\t\t\t<div class=\"elementor-widget-container\">\n\t\t\t\t\t\t\t<div class=\"elementor-spacer\">\n\t\t\t<div class=\"elementor-spacer-inner\"><\/div>\n\t\t<\/div>\n\t\t\t\t\t\t<\/div>\n\t\t\t\t<\/div>\n\t\t\t\t\t<\/div>\n\t\t<\/div>\n\t\t\t\t\t<\/div>\n\t\t<\/section>\n\t\t\t\t<\/div>","protected":false},"excerpt":{"rendered":"<p>Hormone Replacement Therapy Natural hormonal balance to improve menopause symptoms and overall health. BOOK NOW Hormone Replacement Therapy Bioidentical hormone therapy is a medical approach involving the use of hormones that are molecularly identical to the hormones naturally produced in the human body. These hormones are typically derived from plant sources and formulated to be [&hellip;]<\/p>","protected":false},"author":2,"featured_media":0,"parent":0,"menu_order":0,"comment_status":"closed","ping_status":"closed","template":"elementor_header_footer","meta":{"footnotes":""},"class_list":["post-1417","page","type-page","status-publish","hentry"],"_links":{"self":[{"href":"https:\/\/vivazenhealingresort.com\/es\/wp-json\/wp\/v2\/pages\/1417","targetHints":{"allow":["GET"]}}],"collection":[{"href":"https:\/\/vivazenhealingresort.com\/es\/wp-json\/wp\/v2\/pages"}],"about":[{"href":"https:\/\/vivazenhealingresort.com\/es\/wp-json\/wp\/v2\/types\/page"}],"author":[{"embeddable":true,"href":"https:\/\/vivazenhealingresort.com\/es\/wp-json\/wp\/v2\/users\/2"}],"replies":[{"embeddable":true,"href":"https:\/\/vivazenhealingresort.com\/es\/wp-json\/wp\/v2\/comments?post=1417"}],"version-history":[{"count":7,"href":"https:\/\/vivazenhealingresort.com\/es\/wp-json\/wp\/v2\/pages\/1417\/revisions"}],"predecessor-version":[{"id":1426,"href":"https:\/\/vivazenhealingresort.com\/es\/wp-json\/wp\/v2\/pages\/1417\/revisions\/1426"}],"wp:attachment":[{"href":"https:\/\/vivazenhealingresort.com\/es\/wp-json\/wp\/v2\/media?parent=1417"}],"curies":[{"name":"wp","href":"https:\/\/api.w.org\/{rel}","templated":true}]}}