{"id":1293,"date":"2025-01-08T15:39:44","date_gmt":"2025-01-08T15:39:44","guid":{"rendered":"https:\/\/vivazenhealingresort.com\/?page_id=1293"},"modified":"2025-01-08T16:40:15","modified_gmt":"2025-01-08T16:40:15","slug":"infrared-saunas","status":"publish","type":"page","link":"https:\/\/vivazenhealingresort.com\/es\/infrared-saunas\/","title":{"rendered":"Saunas Infrarrojos"},"content":{"rendered":"<div data-elementor-type=\"wp-post\" data-elementor-id=\"1293\" class=\"elementor elementor-1293\" data-elementor-post-type=\"page\">\n\t\t\t\t<div class=\"elementor-element elementor-element-6bf01f1 e-con-full e-flex e-con e-parent\" data-id=\"6bf01f1\" data-element_type=\"container\" data-settings=\"{&quot;background_background&quot;:&quot;classic&quot;}\">\n\t\t\t\t<div class=\"elementor-element elementor-element-fe25d65 elementor-widget elementor-widget-spacer\" data-id=\"fe25d65\" data-element_type=\"widget\" data-widget_type=\"spacer.default\">\n\t\t\t\t<div class=\"elementor-widget-container\">\n\t\t\t\t\t\t\t<div class=\"elementor-spacer\">\n\t\t\t<div class=\"elementor-spacer-inner\"><\/div>\n\t\t<\/div>\n\t\t\t\t\t\t<\/div>\n\t\t\t\t<\/div>\n\t\t<div class=\"elementor-element elementor-element-7e42324 e-con-full e-flex e-con e-child\" data-id=\"7e42324\" data-element_type=\"container\">\n\t\t\t\t<div class=\"elementor-element elementor-element-47635f6 elementor-widget elementor-widget-spacer\" data-id=\"47635f6\" data-element_type=\"widget\" data-widget_type=\"spacer.default\">\n\t\t\t\t<div class=\"elementor-widget-container\">\n\t\t\t\t\t\t\t<div class=\"elementor-spacer\">\n\t\t\t<div class=\"elementor-spacer-inner\"><\/div>\n\t\t<\/div>\n\t\t\t\t\t\t<\/div>\n\t\t\t\t<\/div>\n\t\t\t\t<div class=\"elementor-element elementor-element-ae689cc elementor-widget elementor-widget-heading\" data-id=\"ae689cc\" data-element_type=\"widget\" data-widget_type=\"heading.default\">\n\t\t\t\t<div class=\"elementor-widget-container\">\n\t\t\t\t\t<h2 class=\"elementor-heading-title elementor-size-default\">Saunas Infrarrojos<\/h2>\t\t\t\t<\/div>\n\t\t\t\t<\/div>\n\t\t\t\t<div class=\"elementor-element elementor-element-dce0cd6 elementor-widget__width-initial elementor-widget-tablet__width-initial elementor-widget elementor-widget-text-editor\" data-id=\"dce0cd6\" data-element_type=\"widget\" data-widget_type=\"text-editor.default\">\n\t\t\t\t<div class=\"elementor-widget-container\">\n\t\t\t\t\t\t\t\t\t<p>La relajaci\u00f3n, el alivio del dolor, y la eliminaci\u00f3n de toxinas a trav\u00e9s de infrarrojos de calor.<\/p>\t\t\t\t\t\t\t\t<\/div>\n\t\t\t\t<\/div>\n\t\t\t\t<div class=\"elementor-element elementor-element-6d1976f elementor-widget elementor-widget-global elementor-global-1328 elementor-widget-button\" data-id=\"6d1976f\" data-element_type=\"widget\" data-widget_type=\"button.default\">\n\t\t\t\t<div class=\"elementor-widget-container\">\n\t\t\t\t\t\t\t\t\t<div class=\"elementor-button-wrapper\">\n\t\t\t\t\t<a class=\"elementor-button elementor-button-link elementor-size-sm elementor-animation-grow\" href=\"#\">\n\t\t\t\t\t\t<span class=\"elementor-button-content-wrapper\">\n\t\t\t\t\t\t<span class=\"elementor-button-icon\">\n\t\t\t\t<i aria-hidden=\"true\" class=\"icon icon-chevron-right-circle\"><\/i>\t\t\t<\/span>\n\t\t\t\t\t\t\t\t\t<span class=\"elementor-button-text\">RESERVA AHORA<\/span>\n\t\t\t\t\t<\/span>\n\t\t\t\t\t<\/a>\n\t\t\t\t<\/div>\n\t\t\t\t\t\t\t\t<\/div>\n\t\t\t\t<\/div>\n\t\t\t\t<div class=\"elementor-element elementor-element-6988cf6 elementor-widget elementor-widget-spacer\" data-id=\"6988cf6\" data-element_type=\"widget\" data-widget_type=\"spacer.default\">\n\t\t\t\t<div class=\"elementor-widget-container\">\n\t\t\t\t\t\t\t<div class=\"elementor-spacer\">\n\t\t\t<div class=\"elementor-spacer-inner\"><\/div>\n\t\t<\/div>\n\t\t\t\t\t\t<\/div>\n\t\t\t\t<\/div>\n\t\t\t\t<\/div>\n\t\t<div class=\"elementor-element elementor-element-826b9d2 e-con-full e-flex e-con e-child\" data-id=\"826b9d2\" data-element_type=\"container\">\n\t\t\t\t<\/div>\n\t\t\t\t<\/div>\n\t\t\t\t<section class=\"elementor-section elementor-top-section elementor-element elementor-element-cac4d87 elementor-section-stretched elementor-section-full_width elementor-section-height-default elementor-section-height-default\" data-id=\"cac4d87\" data-element_type=\"section\" data-settings=\"{&quot;stretch_section&quot;:&quot;section-stretched&quot;,&quot;background_background&quot;:&quot;classic&quot;}\">\n\t\t\t\t\t\t<div class=\"elementor-container elementor-column-gap-extended\">\n\t\t\t\t\t<div class=\"elementor-column elementor-col-50 elementor-top-column elementor-element elementor-element-f186832\" data-id=\"f186832\" data-element_type=\"column\">\n\t\t\t<div class=\"elementor-widget-wrap elementor-element-populated\">\n\t\t\t\t\t\t<div class=\"elementor-element elementor-element-27295b9 elementor-widget__width-initial elementor-widget elementor-widget-image\" data-id=\"27295b9\" data-element_type=\"widget\" data-widget_type=\"image.default\">\n\t\t\t\t<div class=\"elementor-widget-container\">\n\t\t\t\t\t\t\t\t\t\t\t\t\t\t\t<img fetchpriority=\"high\" decoding=\"async\" width=\"1280\" height=\"1190\" src=\"https:\/\/vivazenhealingresort.com\/wp-content\/uploads\/2019\/04\/image-59.jpg\" class=\"attachment-full size-full wp-image-431\" alt=\"\" srcset=\"https:\/\/vivazenhealingresort.com\/wp-content\/uploads\/2019\/04\/image-59.jpg 1280w, https:\/\/vivazenhealingresort.com\/wp-content\/uploads\/2019\/04\/image-59-300x279.jpg 300w, https:\/\/vivazenhealingresort.com\/wp-content\/uploads\/2019\/04\/image-59-1024x952.jpg 1024w, https:\/\/vivazenhealingresort.com\/wp-content\/uploads\/2019\/04\/image-59-768x714.jpg 768w, https:\/\/vivazenhealingresort.com\/wp-content\/uploads\/2019\/04\/image-59-480x446.jpg 480w\" sizes=\"(max-width: 1280px) 100vw, 1280px\" title=\"imagen-59\" \/>\t\t\t\t\t\t\t\t\t\t\t\t\t\t\t<\/div>\n\t\t\t\t<\/div>\n\t\t\t\t\t<\/div>\n\t\t<\/div>\n\t\t\t\t<div class=\"elementor-column elementor-col-50 elementor-top-column elementor-element elementor-element-440afaf\" data-id=\"440afaf\" data-element_type=\"column\">\n\t\t\t<div class=\"elementor-widget-wrap elementor-element-populated\">\n\t\t\t\t\t\t<div class=\"elementor-element elementor-element-7101431 elementor-widget elementor-widget-heading\" data-id=\"7101431\" data-element_type=\"widget\" data-widget_type=\"heading.default\">\n\t\t\t\t<div class=\"elementor-widget-container\">\n\t\t\t\t\t<h1 class=\"elementor-heading-title elementor-size-default\">Saunas Infrarrojos<\/h1>\t\t\t\t<\/div>\n\t\t\t\t<\/div>\n\t\t\t\t<div class=\"elementor-element elementor-element-de9a682 elementor-widget elementor-widget-text-editor\" data-id=\"de9a682\" data-element_type=\"widget\" data-widget_type=\"text-editor.default\">\n\t\t\t\t<div class=\"elementor-widget-container\">\n\t\t\t\t\t\t\t\t\t<p>Infrared saunas are a variation of traditional saunas that use infrared radiation to heat the body directly, rather than heating the air around the individual.<\/p><p>Infrared saunas have their origins in the 1960s in Japan, where they were initially developed as a form of heat therapy to aid in injury recovery and promote relaxation. Over time, they have become popular worldwide as a more comfortable and energy-efficient option compared to traditional saunas.<\/p>\t\t\t\t\t\t\t\t<\/div>\n\t\t\t\t<\/div>\n\t\t\t\t<div class=\"elementor-element elementor-element-16531f1 elementor-widget elementor-widget-button\" data-id=\"16531f1\" data-element_type=\"widget\" data-widget_type=\"button.default\">\n\t\t\t\t<div class=\"elementor-widget-container\">\n\t\t\t\t\t\t\t\t\t<div class=\"elementor-button-wrapper\">\n\t\t\t\t\t<a class=\"elementor-button elementor-button-link elementor-size-sm elementor-animation-grow\" href=\"#\">\n\t\t\t\t\t\t<span class=\"elementor-button-content-wrapper\">\n\t\t\t\t\t\t\t\t\t<span class=\"elementor-button-text\">Reserva Ahora<\/span>\n\t\t\t\t\t<\/span>\n\t\t\t\t\t<\/a>\n\t\t\t\t<\/div>\n\t\t\t\t\t\t\t\t<\/div>\n\t\t\t\t<\/div>\n\t\t\t\t\t<\/div>\n\t\t<\/div>\n\t\t\t\t\t<\/div>\n\t\t<\/section>\n\t\t\t\t<section class=\"elementor-section elementor-top-section elementor-element elementor-element-50189d1 elementor-section-boxed elementor-section-height-default elementor-section-height-default\" data-id=\"50189d1\" data-element_type=\"section\" data-settings=\"{&quot;background_background&quot;:&quot;classic&quot;}\">\n\t\t\t\t\t\t<div class=\"elementor-container elementor-column-gap-default\">\n\t\t\t\t\t<div class=\"elementor-column elementor-col-100 elementor-top-column elementor-element elementor-element-9cc067a\" data-id=\"9cc067a\" data-element_type=\"column\">\n\t\t\t<div class=\"elementor-widget-wrap elementor-element-populated\">\n\t\t\t\t\t\t<div class=\"elementor-element elementor-element-a9a803a elementor-widget elementor-widget-heading\" data-id=\"a9a803a\" data-element_type=\"widget\" data-widget_type=\"heading.default\">\n\t\t\t\t<div class=\"elementor-widget-container\">\n\t\t\t\t\t<h2 class=\"elementor-heading-title elementor-size-default\">Reported Benefits:<\/h2>\t\t\t\t<\/div>\n\t\t\t\t<\/div>\n\t\t\t\t<div class=\"elementor-element elementor-element-1fbfe05 elementor-widget elementor-widget-text-editor\" data-id=\"1fbfe05\" data-element_type=\"widget\" data-widget_type=\"text-editor.default\">\n\t\t\t\t<div class=\"elementor-widget-container\">\n\t\t\t\t\t\t\t\t\t<p>1. Relaxation and well-being: Like traditional saunas, infrared saunas are used to promote relaxation and stress relief. Infrared heat penetrates deeper into the skin and tissues, which can provide a sense of relaxation and well-being.<\/p><p>2. Detoxification: It is claimed that infrared saunas help eliminate toxins from the body through sweating, which could be beneficial for detoxification.<\/p><p>3. Pain relief: They are used to alleviating muscle and joint pain and have been considered helpful in treating conditions such as arthritis.<\/p><p>4. Weight loss: Some people use infrared saunas as part of their weight loss regimen, as they can help burn calories and eliminate excess water from the body.<\/p>\t\t\t\t\t\t\t\t<\/div>\n\t\t\t\t<\/div>\n\t\t\t\t<div class=\"elementor-element elementor-element-0dc5b25 elementor-widget elementor-widget-spacer\" data-id=\"0dc5b25\" data-element_type=\"widget\" data-widget_type=\"spacer.default\">\n\t\t\t\t<div class=\"elementor-widget-container\">\n\t\t\t\t\t\t\t<div class=\"elementor-spacer\">\n\t\t\t<div class=\"elementor-spacer-inner\"><\/div>\n\t\t<\/div>\n\t\t\t\t\t\t<\/div>\n\t\t\t\t<\/div>\n\t\t\t\t\t<\/div>\n\t\t<\/div>\n\t\t\t\t\t<\/div>\n\t\t<\/section>\n\t\t\t\t<\/div>","protected":false},"excerpt":{"rendered":"<p>Infrared Saunas Relaxation, pain relief, and elimination of toxins through infrared heat. Book Now Infrared Saunas Infrared saunas are a variation of traditional saunas that use infrared radiation to heat the body directly, rather than heating the air around the individual. Infrared saunas have their origins in the 1960s in Japan, where they were initially [&hellip;]<\/p>","protected":false},"author":2,"featured_media":0,"parent":0,"menu_order":0,"comment_status":"closed","ping_status":"closed","template":"elementor_header_footer","meta":{"footnotes":""},"class_list":["post-1293","page","type-page","status-publish","hentry"],"_links":{"self":[{"href":"https:\/\/vivazenhealingresort.com\/es\/wp-json\/wp\/v2\/pages\/1293","targetHints":{"allow":["GET"]}}],"collection":[{"href":"https:\/\/vivazenhealingresort.com\/es\/wp-json\/wp\/v2\/pages"}],"about":[{"href":"https:\/\/vivazenhealingresort.com\/es\/wp-json\/wp\/v2\/types\/page"}],"author":[{"embeddable":true,"href":"https:\/\/vivazenhealingresort.com\/es\/wp-json\/wp\/v2\/users\/2"}],"replies":[{"embeddable":true,"href":"https:\/\/vivazenhealingresort.com\/es\/wp-json\/wp\/v2\/comments?post=1293"}],"version-history":[{"count":7,"href":"https:\/\/vivazenhealingresort.com\/es\/wp-json\/wp\/v2\/pages\/1293\/revisions"}],"predecessor-version":[{"id":1355,"href":"https:\/\/vivazenhealingresort.com\/es\/wp-json\/wp\/v2\/pages\/1293\/revisions\/1355"}],"wp:attachment":[{"href":"https:\/\/vivazenhealingresort.com\/es\/wp-json\/wp\/v2\/media?parent=1293"}],"curies":[{"name":"wp","href":"https:\/\/api.w.org\/{rel}","templated":true}]}}