{"id":1263,"date":"2025-01-08T15:08:45","date_gmt":"2025-01-08T15:08:45","guid":{"rendered":"https:\/\/vivazenhealingresort.com\/?page_id=1263"},"modified":"2025-01-08T16:38:43","modified_gmt":"2025-01-08T16:38:43","slug":"colon-hydrotherapy","status":"publish","type":"page","link":"https:\/\/vivazenhealingresort.com\/es\/colon-hydrotherapy\/","title":{"rendered":"Hidroterapia de colon"},"content":{"rendered":"<div data-elementor-type=\"wp-post\" data-elementor-id=\"1263\" class=\"elementor elementor-1263\" data-elementor-post-type=\"page\">\n\t\t\t\t<div class=\"elementor-element elementor-element-6bf01f1 e-con-full e-flex e-con e-parent\" data-id=\"6bf01f1\" data-element_type=\"container\" data-settings=\"{&quot;background_background&quot;:&quot;classic&quot;}\">\n\t\t\t\t<div class=\"elementor-element elementor-element-fe25d65 elementor-widget elementor-widget-spacer\" data-id=\"fe25d65\" data-element_type=\"widget\" data-widget_type=\"spacer.default\">\n\t\t\t\t<div class=\"elementor-widget-container\">\n\t\t\t\t\t\t\t<div class=\"elementor-spacer\">\n\t\t\t<div class=\"elementor-spacer-inner\"><\/div>\n\t\t<\/div>\n\t\t\t\t\t\t<\/div>\n\t\t\t\t<\/div>\n\t\t<div class=\"elementor-element elementor-element-7e42324 e-con-full e-flex e-con e-child\" data-id=\"7e42324\" data-element_type=\"container\">\n\t\t\t\t<div class=\"elementor-element elementor-element-47635f6 elementor-widget elementor-widget-spacer\" data-id=\"47635f6\" data-element_type=\"widget\" data-widget_type=\"spacer.default\">\n\t\t\t\t<div class=\"elementor-widget-container\">\n\t\t\t\t\t\t\t<div class=\"elementor-spacer\">\n\t\t\t<div class=\"elementor-spacer-inner\"><\/div>\n\t\t<\/div>\n\t\t\t\t\t\t<\/div>\n\t\t\t\t<\/div>\n\t\t\t\t<div class=\"elementor-element elementor-element-ae689cc elementor-widget elementor-widget-heading\" data-id=\"ae689cc\" data-element_type=\"widget\" data-widget_type=\"heading.default\">\n\t\t\t\t<div class=\"elementor-widget-container\">\n\t\t\t\t\t<h2 class=\"elementor-heading-title elementor-size-default\">Hidroterapia de colon<\/h2>\t\t\t\t<\/div>\n\t\t\t\t<\/div>\n\t\t\t\t<div class=\"elementor-element elementor-element-dce0cd6 elementor-widget__width-initial elementor-widget-tablet__width-initial elementor-widget elementor-widget-text-editor\" data-id=\"dce0cd6\" data-element_type=\"widget\" data-widget_type=\"text-editor.default\">\n\t\t\t\t<div class=\"elementor-widget-container\">\n\t\t\t\t\t\t\t\t\t<p>Profunda limpieza de colon para mejorar la digesti\u00f3n y el metabolismo.<\/p>\t\t\t\t\t\t\t\t<\/div>\n\t\t\t\t<\/div>\n\t\t\t\t<div class=\"elementor-element elementor-element-dd35622 elementor-widget elementor-widget-global elementor-global-1328 elementor-widget-button\" data-id=\"dd35622\" data-element_type=\"widget\" data-widget_type=\"button.default\">\n\t\t\t\t<div class=\"elementor-widget-container\">\n\t\t\t\t\t\t\t\t\t<div class=\"elementor-button-wrapper\">\n\t\t\t\t\t<a class=\"elementor-button elementor-button-link elementor-size-sm elementor-animation-grow\" href=\"#\">\n\t\t\t\t\t\t<span class=\"elementor-button-content-wrapper\">\n\t\t\t\t\t\t<span class=\"elementor-button-icon\">\n\t\t\t\t<i aria-hidden=\"true\" class=\"icon icon-chevron-right-circle\"><\/i>\t\t\t<\/span>\n\t\t\t\t\t\t\t\t\t<span class=\"elementor-button-text\">RESERVA AHORA<\/span>\n\t\t\t\t\t<\/span>\n\t\t\t\t\t<\/a>\n\t\t\t\t<\/div>\n\t\t\t\t\t\t\t\t<\/div>\n\t\t\t\t<\/div>\n\t\t\t\t<div class=\"elementor-element elementor-element-6988cf6 elementor-widget elementor-widget-spacer\" data-id=\"6988cf6\" data-element_type=\"widget\" data-widget_type=\"spacer.default\">\n\t\t\t\t<div class=\"elementor-widget-container\">\n\t\t\t\t\t\t\t<div class=\"elementor-spacer\">\n\t\t\t<div class=\"elementor-spacer-inner\"><\/div>\n\t\t<\/div>\n\t\t\t\t\t\t<\/div>\n\t\t\t\t<\/div>\n\t\t\t\t<\/div>\n\t\t<div class=\"elementor-element elementor-element-826b9d2 e-con-full e-flex e-con e-child\" data-id=\"826b9d2\" data-element_type=\"container\">\n\t\t\t\t<\/div>\n\t\t\t\t<\/div>\n\t\t\t\t<section class=\"elementor-section elementor-top-section elementor-element elementor-element-cac4d87 elementor-section-stretched elementor-section-full_width elementor-section-height-default elementor-section-height-default\" data-id=\"cac4d87\" data-element_type=\"section\" data-settings=\"{&quot;stretch_section&quot;:&quot;section-stretched&quot;,&quot;background_background&quot;:&quot;classic&quot;}\">\n\t\t\t\t\t\t<div class=\"elementor-container elementor-column-gap-extended\">\n\t\t\t\t\t<div class=\"elementor-column elementor-col-50 elementor-top-column elementor-element elementor-element-f186832\" data-id=\"f186832\" data-element_type=\"column\">\n\t\t\t<div class=\"elementor-widget-wrap elementor-element-populated\">\n\t\t\t\t\t\t<div class=\"elementor-element elementor-element-27295b9 elementor-widget__width-initial elementor-widget elementor-widget-image\" data-id=\"27295b9\" data-element_type=\"widget\" data-widget_type=\"image.default\">\n\t\t\t\t<div class=\"elementor-widget-container\">\n\t\t\t\t\t\t\t\t\t\t\t\t\t\t\t<img fetchpriority=\"high\" decoding=\"async\" width=\"1280\" height=\"1190\" src=\"https:\/\/vivazenhealingresort.com\/wp-content\/uploads\/2019\/04\/image-59.jpg\" class=\"attachment-full size-full wp-image-431\" alt=\"\" srcset=\"https:\/\/vivazenhealingresort.com\/wp-content\/uploads\/2019\/04\/image-59.jpg 1280w, https:\/\/vivazenhealingresort.com\/wp-content\/uploads\/2019\/04\/image-59-300x279.jpg 300w, https:\/\/vivazenhealingresort.com\/wp-content\/uploads\/2019\/04\/image-59-1024x952.jpg 1024w, https:\/\/vivazenhealingresort.com\/wp-content\/uploads\/2019\/04\/image-59-768x714.jpg 768w, https:\/\/vivazenhealingresort.com\/wp-content\/uploads\/2019\/04\/image-59-480x446.jpg 480w\" sizes=\"(max-width: 1280px) 100vw, 1280px\" title=\"imagen-59\" \/>\t\t\t\t\t\t\t\t\t\t\t\t\t\t\t<\/div>\n\t\t\t\t<\/div>\n\t\t\t\t\t<\/div>\n\t\t<\/div>\n\t\t\t\t<div class=\"elementor-column elementor-col-50 elementor-top-column elementor-element elementor-element-440afaf\" data-id=\"440afaf\" data-element_type=\"column\">\n\t\t\t<div class=\"elementor-widget-wrap elementor-element-populated\">\n\t\t\t\t\t\t<div class=\"elementor-element elementor-element-7101431 elementor-widget elementor-widget-heading\" data-id=\"7101431\" data-element_type=\"widget\" data-widget_type=\"heading.default\">\n\t\t\t\t<div class=\"elementor-widget-container\">\n\t\t\t\t\t<h1 class=\"elementor-heading-title elementor-size-default\">Hidroterapia de colon<\/h1>\t\t\t\t<\/div>\n\t\t\t\t<\/div>\n\t\t\t\t<div class=\"elementor-element elementor-element-de9a682 elementor-widget elementor-widget-text-editor\" data-id=\"de9a682\" data-element_type=\"widget\" data-widget_type=\"text-editor.default\">\n\t\t\t\t<div class=\"elementor-widget-container\">\n\t\t\t\t\t\t\t\t\t<p>La hidroterapia de Colon, com\u00fanmente conocido como &#034;colon&#034; o &#034;limpieza de colon&#034;, es un procedimiento que consiste en irrigar el colon con agua para eliminar los desechos acumulados y toxinas, que es realizado por un profesional certificado. El procedimiento consiste en los siguientes pasos:<\/p><p>1. Preparaci\u00f3n del paciente: El paciente se acuesta sobre una mesa y generalmente est\u00e1 cubierto con una bata. Una est\u00e9ril tubo rectal es proporcionado para el riego.<\/p><p>2. Introducci\u00f3n de agua: El terapeuta abre el flujo de agua purificada para el control de la presi\u00f3n y la temperatura en el colon a trav\u00e9s del recto del tubo. El agua puede contener hierbas o enzimas para ayudar a ablandar las heces y estimular la eliminaci\u00f3n de desechos.<\/p><p>3. El agua en el colon se quita cada vez que el paciente se siente el peristaltismo dentro de un corto per\u00edodo de tiempo, y los desechos acumulados, junto con el agua, se elimina a trav\u00e9s de un sistema de tuber\u00edas.<\/p><p>4. El proceso de introducci\u00f3n y extracci\u00f3n de agua se repite varias veces durante la sesi\u00f3n, que suele durar de 30 a 45 minutos.<\/p>\t\t\t\t\t\t\t\t<\/div>\n\t\t\t\t<\/div>\n\t\t\t\t<div class=\"elementor-element elementor-element-16531f1 elementor-widget elementor-widget-button\" data-id=\"16531f1\" data-element_type=\"widget\" data-widget_type=\"button.default\">\n\t\t\t\t<div class=\"elementor-widget-container\">\n\t\t\t\t\t\t\t\t\t<div class=\"elementor-button-wrapper\">\n\t\t\t\t\t<a class=\"elementor-button elementor-button-link elementor-size-sm elementor-animation-grow\" href=\"#\">\n\t\t\t\t\t\t<span class=\"elementor-button-content-wrapper\">\n\t\t\t\t\t\t\t\t\t<span class=\"elementor-button-text\">Reserva Ahora<\/span>\n\t\t\t\t\t<\/span>\n\t\t\t\t\t<\/a>\n\t\t\t\t<\/div>\n\t\t\t\t\t\t\t\t<\/div>\n\t\t\t\t<\/div>\n\t\t\t\t\t<\/div>\n\t\t<\/div>\n\t\t\t\t\t<\/div>\n\t\t<\/section>\n\t\t\t\t<section class=\"elementor-section elementor-top-section elementor-element elementor-element-50189d1 elementor-section-boxed elementor-section-height-default elementor-section-height-default\" data-id=\"50189d1\" data-element_type=\"section\" data-settings=\"{&quot;background_background&quot;:&quot;classic&quot;}\">\n\t\t\t\t\t\t<div class=\"elementor-container elementor-column-gap-default\">\n\t\t\t\t\t<div class=\"elementor-column elementor-col-100 elementor-top-column elementor-element elementor-element-9cc067a\" data-id=\"9cc067a\" data-element_type=\"column\">\n\t\t\t<div class=\"elementor-widget-wrap elementor-element-populated\">\n\t\t\t\t\t\t<div class=\"elementor-element elementor-element-a9a803a elementor-widget elementor-widget-heading\" data-id=\"a9a803a\" data-element_type=\"widget\" data-widget_type=\"heading.default\">\n\t\t\t\t<div class=\"elementor-widget-container\">\n\t\t\t\t\t<h2 class=\"elementor-heading-title elementor-size-default\">  Los beneficios reportados:<\/h2>\t\t\t\t<\/div>\n\t\t\t\t<\/div>\n\t\t\t\t<div class=\"elementor-element elementor-element-1fbfe05 elementor-widget elementor-widget-text-editor\" data-id=\"1fbfe05\" data-element_type=\"widget\" data-widget_type=\"text-editor.default\">\n\t\t\t\t<div class=\"elementor-widget-container\">\n\t\t\t\t\t\t\t\t\t<p>\u2013 Ayuda a eliminar las toxinas acumuladas y materia fecal en el colon, lo que podr\u00eda mejorar la digesti\u00f3n y la absorci\u00f3n de nutrientes.<\/p><p>\u2013 A menudo se utiliza como un enfoque para el tratamiento del estre\u00f1imiento cr\u00f3nico, como se puede suavizar las heces y facilitar su eliminaci\u00f3n.<\/p><p>\u2013 Algunas personas dicen sentirse m\u00e1s en\u00e9rgico y experimentando m\u00e1s claro de la piel y una sensaci\u00f3n de bienestar despu\u00e9s de las sesiones.<\/p><p>\u2013 Fortalecimiento del sistema inmunol\u00f3gico<\/p><p>\u2013 Mejora el metabolismo y ayuda en la absorci\u00f3n de nutrientes<\/p><p>\u2013 Ayuda en la p\u00e9rdida de peso mediante la eliminaci\u00f3n de la acumulaci\u00f3n de t\u00f3xicos<\/p><p>\u2013 Limpieza profunda de los intestinos, a diferencia de los enemas que s\u00f3lo se limpia una peque\u00f1a parte<\/p><p>\u2013 Elimina las bacterias da\u00f1inas de la flora intestinal, la prevenci\u00f3n de infecciones<\/p>\t\t\t\t\t\t\t\t<\/div>\n\t\t\t\t<\/div>\n\t\t\t\t<div class=\"elementor-element elementor-element-0dc5b25 elementor-widget elementor-widget-spacer\" data-id=\"0dc5b25\" data-element_type=\"widget\" data-widget_type=\"spacer.default\">\n\t\t\t\t<div class=\"elementor-widget-container\">\n\t\t\t\t\t\t\t<div class=\"elementor-spacer\">\n\t\t\t<div class=\"elementor-spacer-inner\"><\/div>\n\t\t<\/div>\n\t\t\t\t\t\t<\/div>\n\t\t\t\t<\/div>\n\t\t\t\t\t<\/div>\n\t\t<\/div>\n\t\t\t\t\t<\/div>\n\t\t<\/section>\n\t\t\t\t<\/div>","protected":false},"excerpt":{"rendered":"<p>Colon Hydrotherapy Deep colon cleansing to improve digestion and metabolism. Book Now Colon Hydrotherapy Colon hydrotherapy, commonly known as &#8220;colonics&#8221; or &#8220;colon cleansing,&#8221; is a procedure that involves irrigating the colon with water to remove accumulated waste and toxins, which is performed by a certified professional. The procedure involves the following steps: 1. Patient preparation: [&hellip;]<\/p>","protected":false},"author":2,"featured_media":0,"parent":0,"menu_order":0,"comment_status":"closed","ping_status":"closed","template":"elementor_header_footer","meta":{"footnotes":""},"class_list":["post-1263","page","type-page","status-publish","hentry"],"_links":{"self":[{"href":"https:\/\/vivazenhealingresort.com\/es\/wp-json\/wp\/v2\/pages\/1263","targetHints":{"allow":["GET"]}}],"collection":[{"href":"https:\/\/vivazenhealingresort.com\/es\/wp-json\/wp\/v2\/pages"}],"about":[{"href":"https:\/\/vivazenhealingresort.com\/es\/wp-json\/wp\/v2\/types\/page"}],"author":[{"embeddable":true,"href":"https:\/\/vivazenhealingresort.com\/es\/wp-json\/wp\/v2\/users\/2"}],"replies":[{"embeddable":true,"href":"https:\/\/vivazenhealingresort.com\/es\/wp-json\/wp\/v2\/comments?post=1263"}],"version-history":[{"count":7,"href":"https:\/\/vivazenhealingresort.com\/es\/wp-json\/wp\/v2\/pages\/1263\/revisions"}],"predecessor-version":[{"id":1346,"href":"https:\/\/vivazenhealingresort.com\/es\/wp-json\/wp\/v2\/pages\/1263\/revisions\/1346"}],"wp:attachment":[{"href":"https:\/\/vivazenhealingresort.com\/es\/wp-json\/wp\/v2\/media?parent=1263"}],"curies":[{"name":"wp","href":"https:\/\/api.w.org\/{rel}","templated":true}]}}