{"id":1236,"date":"2025-01-08T14:35:43","date_gmt":"2025-01-08T14:35:43","guid":{"rendered":"https:\/\/vivazenhealingresort.com\/?page_id=1236"},"modified":"2025-01-08T18:33:26","modified_gmt":"2025-01-08T18:33:26","slug":"detoxification","status":"publish","type":"page","link":"https:\/\/vivazenhealingresort.com\/es\/detoxification\/","title":{"rendered":"Desintoxicaci\u00f3n"},"content":{"rendered":"<div data-elementor-type=\"wp-post\" data-elementor-id=\"1236\" class=\"elementor elementor-1236\" data-elementor-post-type=\"page\">\n\t\t\t\t<div class=\"elementor-element elementor-element-6bf01f1 e-con-full e-flex e-con e-parent\" data-id=\"6bf01f1\" data-element_type=\"container\" data-settings=\"{&quot;background_background&quot;:&quot;classic&quot;}\">\n\t\t\t\t<div class=\"elementor-element elementor-element-fe25d65 elementor-widget elementor-widget-spacer\" data-id=\"fe25d65\" data-element_type=\"widget\" data-widget_type=\"spacer.default\">\n\t\t\t\t<div class=\"elementor-widget-container\">\n\t\t\t\t\t\t\t<div class=\"elementor-spacer\">\n\t\t\t<div class=\"elementor-spacer-inner\"><\/div>\n\t\t<\/div>\n\t\t\t\t\t\t<\/div>\n\t\t\t\t<\/div>\n\t\t<div class=\"elementor-element elementor-element-7e42324 e-con-full e-flex e-con e-child\" data-id=\"7e42324\" data-element_type=\"container\">\n\t\t\t\t<div class=\"elementor-element elementor-element-47635f6 elementor-widget elementor-widget-spacer\" data-id=\"47635f6\" data-element_type=\"widget\" data-widget_type=\"spacer.default\">\n\t\t\t\t<div class=\"elementor-widget-container\">\n\t\t\t\t\t\t\t<div class=\"elementor-spacer\">\n\t\t\t<div class=\"elementor-spacer-inner\"><\/div>\n\t\t<\/div>\n\t\t\t\t\t\t<\/div>\n\t\t\t\t<\/div>\n\t\t\t\t<div class=\"elementor-element elementor-element-ae689cc elementor-widget elementor-widget-heading\" data-id=\"ae689cc\" data-element_type=\"widget\" data-widget_type=\"heading.default\">\n\t\t\t\t<div class=\"elementor-widget-container\">\n\t\t\t\t\t<h2 class=\"elementor-heading-title elementor-size-default\">Desintoxicaci\u00f3n<\/h2>\t\t\t\t<\/div>\n\t\t\t\t<\/div>\n\t\t\t\t<div class=\"elementor-element elementor-element-dce0cd6 elementor-widget__width-initial elementor-widget-tablet__width-initial elementor-widget elementor-widget-text-editor\" data-id=\"dce0cd6\" data-element_type=\"widget\" data-widget_type=\"text-editor.default\">\n\t\t\t\t<div class=\"elementor-widget-container\">\n\t\t\t\t\t\t\t\t\t<p>La eliminaci\u00f3n de toxinas, con m\u00e9todos naturales, tales como las dietas y las hierbas.<\/p>\t\t\t\t\t\t\t\t<\/div>\n\t\t\t\t<\/div>\n\t\t\t\t<div class=\"elementor-element elementor-element-d797a10 elementor-widget elementor-widget-global elementor-global-1328 elementor-widget-button\" data-id=\"d797a10\" data-element_type=\"widget\" data-widget_type=\"button.default\">\n\t\t\t\t<div class=\"elementor-widget-container\">\n\t\t\t\t\t\t\t\t\t<div class=\"elementor-button-wrapper\">\n\t\t\t\t\t<a class=\"elementor-button elementor-button-link elementor-size-sm elementor-animation-grow\" href=\"#\">\n\t\t\t\t\t\t<span class=\"elementor-button-content-wrapper\">\n\t\t\t\t\t\t<span class=\"elementor-button-icon\">\n\t\t\t\t<i aria-hidden=\"true\" class=\"icon icon-chevron-right-circle\"><\/i>\t\t\t<\/span>\n\t\t\t\t\t\t\t\t\t<span class=\"elementor-button-text\">RESERVA AHORA<\/span>\n\t\t\t\t\t<\/span>\n\t\t\t\t\t<\/a>\n\t\t\t\t<\/div>\n\t\t\t\t\t\t\t\t<\/div>\n\t\t\t\t<\/div>\n\t\t\t\t<div class=\"elementor-element elementor-element-6988cf6 elementor-widget elementor-widget-spacer\" data-id=\"6988cf6\" data-element_type=\"widget\" data-widget_type=\"spacer.default\">\n\t\t\t\t<div class=\"elementor-widget-container\">\n\t\t\t\t\t\t\t<div class=\"elementor-spacer\">\n\t\t\t<div class=\"elementor-spacer-inner\"><\/div>\n\t\t<\/div>\n\t\t\t\t\t\t<\/div>\n\t\t\t\t<\/div>\n\t\t\t\t<\/div>\n\t\t<div class=\"elementor-element elementor-element-826b9d2 e-con-full e-flex e-con e-child\" data-id=\"826b9d2\" data-element_type=\"container\">\n\t\t\t\t<\/div>\n\t\t\t\t<\/div>\n\t\t\t\t<section class=\"elementor-section elementor-top-section elementor-element elementor-element-cac4d87 elementor-section-stretched elementor-section-full_width elementor-section-height-default elementor-section-height-default\" data-id=\"cac4d87\" data-element_type=\"section\" data-settings=\"{&quot;stretch_section&quot;:&quot;section-stretched&quot;,&quot;background_background&quot;:&quot;classic&quot;}\">\n\t\t\t\t\t\t<div class=\"elementor-container elementor-column-gap-extended\">\n\t\t\t\t\t<div class=\"elementor-column elementor-col-50 elementor-top-column elementor-element elementor-element-f186832\" data-id=\"f186832\" data-element_type=\"column\">\n\t\t\t<div class=\"elementor-widget-wrap elementor-element-populated\">\n\t\t\t\t\t\t<div class=\"elementor-element elementor-element-27295b9 elementor-widget__width-initial elementor-widget elementor-widget-image\" data-id=\"27295b9\" data-element_type=\"widget\" data-widget_type=\"image.default\">\n\t\t\t\t<div class=\"elementor-widget-container\">\n\t\t\t\t\t\t\t\t\t\t\t\t\t\t\t<img fetchpriority=\"high\" decoding=\"async\" width=\"1280\" height=\"1190\" src=\"https:\/\/vivazenhealingresort.com\/wp-content\/uploads\/2019\/04\/image-59.jpg\" class=\"attachment-full size-full wp-image-431\" alt=\"\" srcset=\"https:\/\/vivazenhealingresort.com\/wp-content\/uploads\/2019\/04\/image-59.jpg 1280w, https:\/\/vivazenhealingresort.com\/wp-content\/uploads\/2019\/04\/image-59-300x279.jpg 300w, https:\/\/vivazenhealingresort.com\/wp-content\/uploads\/2019\/04\/image-59-1024x952.jpg 1024w, https:\/\/vivazenhealingresort.com\/wp-content\/uploads\/2019\/04\/image-59-768x714.jpg 768w, https:\/\/vivazenhealingresort.com\/wp-content\/uploads\/2019\/04\/image-59-480x446.jpg 480w\" sizes=\"(max-width: 1280px) 100vw, 1280px\" title=\"imagen-59\" \/>\t\t\t\t\t\t\t\t\t\t\t\t\t\t\t<\/div>\n\t\t\t\t<\/div>\n\t\t\t\t\t<\/div>\n\t\t<\/div>\n\t\t\t\t<div class=\"elementor-column elementor-col-50 elementor-top-column elementor-element elementor-element-440afaf\" data-id=\"440afaf\" data-element_type=\"column\">\n\t\t\t<div class=\"elementor-widget-wrap elementor-element-populated\">\n\t\t\t\t\t\t<div class=\"elementor-element elementor-element-7101431 elementor-widget elementor-widget-heading\" data-id=\"7101431\" data-element_type=\"widget\" data-widget_type=\"heading.default\">\n\t\t\t\t<div class=\"elementor-widget-container\">\n\t\t\t\t\t<h1 class=\"elementor-heading-title elementor-size-default\">Desintoxicaci\u00f3n<\/h1>\t\t\t\t<\/div>\n\t\t\t\t<\/div>\n\t\t\t\t<div class=\"elementor-element elementor-element-de9a682 elementor-widget elementor-widget-text-editor\" data-id=\"de9a682\" data-element_type=\"widget\" data-widget_type=\"text-editor.default\">\n\t\t\t\t<div class=\"elementor-widget-container\">\n\t\t\t\t\t\t\t\t\t<p>La desintoxicaci\u00f3n es entendida como el metabolismo, el m\u00e9dico o farmacol\u00f3gico proceso que implica la eliminaci\u00f3n de elementos t\u00f3xicos del cuerpo. En individuos sanos, la desintoxicaci\u00f3n es un proceso metab\u00f3lico llevado a cabo en los ri\u00f1ones, el h\u00edgado, el colon, el sistema linf\u00e1tico, los pulmones, y<br \/>de la piel. Estos \u00f3rganos reducir la toxicidad de las sustancias producidas por el cuerpo y eliminarlas.<\/p><p><br \/>El h\u00edgado, junto con los ri\u00f1ones, es la m\u00e1s implicada en la desintoxicaci\u00f3n del cuerpo. Independientemente de si una persona es la desintoxicaci\u00f3n de metales pesados, drogas, alcohol o medicamentos, los procesos de desintoxicaci\u00f3n para lograr la homeostasis y la salud son pr\u00e1cticamente similares. En DWC, se utilizan diferentes terapias, alimentos y hierbas para producir una visi\u00f3n m\u00e1s integral de desintoxicaci\u00f3n efecto, seg\u00fan el caso.<\/p>\t\t\t\t\t\t\t\t<\/div>\n\t\t\t\t<\/div>\n\t\t\t\t<div class=\"elementor-element elementor-element-16531f1 elementor-widget elementor-widget-button\" data-id=\"16531f1\" data-element_type=\"widget\" data-widget_type=\"button.default\">\n\t\t\t\t<div class=\"elementor-widget-container\">\n\t\t\t\t\t\t\t\t\t<div class=\"elementor-button-wrapper\">\n\t\t\t\t\t<a class=\"elementor-button elementor-button-link elementor-size-sm elementor-animation-grow\" href=\"#\">\n\t\t\t\t\t\t<span class=\"elementor-button-content-wrapper\">\n\t\t\t\t\t\t\t\t\t<span class=\"elementor-button-text\">Reserva Ahora<\/span>\n\t\t\t\t\t<\/span>\n\t\t\t\t\t<\/a>\n\t\t\t\t<\/div>\n\t\t\t\t\t\t\t\t<\/div>\n\t\t\t\t<\/div>\n\t\t\t\t\t<\/div>\n\t\t<\/div>\n\t\t\t\t\t<\/div>\n\t\t<\/section>\n\t\t\t\t<section class=\"elementor-section elementor-top-section elementor-element elementor-element-50189d1 elementor-section-boxed elementor-section-height-default elementor-section-height-default\" data-id=\"50189d1\" data-element_type=\"section\" data-settings=\"{&quot;background_background&quot;:&quot;classic&quot;}\">\n\t\t\t\t\t\t<div class=\"elementor-container elementor-column-gap-default\">\n\t\t\t\t\t<div class=\"elementor-column elementor-col-100 elementor-top-column elementor-element elementor-element-9cc067a\" data-id=\"9cc067a\" data-element_type=\"column\">\n\t\t\t<div class=\"elementor-widget-wrap elementor-element-populated\">\n\t\t\t\t\t\t<div class=\"elementor-element elementor-element-a9a803a elementor-widget elementor-widget-heading\" data-id=\"a9a803a\" data-element_type=\"widget\" data-widget_type=\"heading.default\">\n\t\t\t\t<div class=\"elementor-widget-container\">\n\t\t\t\t\t<h2 class=\"elementor-heading-title elementor-size-default\"> Pasos \u00fatiles para iniciar el proceso:<\/h2>\t\t\t\t<\/div>\n\t\t\t\t<\/div>\n\t\t\t\t<div class=\"elementor-element elementor-element-1fbfe05 elementor-widget elementor-widget-text-editor\" data-id=\"1fbfe05\" data-element_type=\"widget\" data-widget_type=\"text-editor.default\">\n\t\t\t\t<div class=\"elementor-widget-container\">\n\t\t\t\t\t\t\t\t\t<p>\u00a01. Comer alimentos org\u00e1nicos.<\/p><p>2. Beber suficiente agua.<\/p><p>3. Reducir el consumo de alcohol.<\/p><p>4. Evitar los az\u00facares a\u00f1adidos.<\/p><p>5. Limite su exposici\u00f3n a las toxinas da\u00f1inas en el aire.<\/p>\t\t\t\t\t\t\t\t<\/div>\n\t\t\t\t<\/div>\n\t\t\t\t<div class=\"elementor-element elementor-element-0dc5b25 elementor-widget elementor-widget-spacer\" data-id=\"0dc5b25\" data-element_type=\"widget\" data-widget_type=\"spacer.default\">\n\t\t\t\t<div class=\"elementor-widget-container\">\n\t\t\t\t\t\t\t<div class=\"elementor-spacer\">\n\t\t\t<div class=\"elementor-spacer-inner\"><\/div>\n\t\t<\/div>\n\t\t\t\t\t\t<\/div>\n\t\t\t\t<\/div>\n\t\t\t\t\t<\/div>\n\t\t<\/div>\n\t\t\t\t\t<\/div>\n\t\t<\/section>\n\t\t\t\t<\/div>","protected":false},"excerpt":{"rendered":"<p>Detoxification Elimination of toxins with natural methods such as specific diets and herbs. BOOK NOW Detoxification Detoxification is understood as the metabolic, medical, or pharmacological process that involves the elimination of toxic elements from the body. In healthy individuals, detoxification is a metabolic process carried out in the kidneys, liver, colon, lymphatic system, lungs, andskin. [&hellip;]<\/p>","protected":false},"author":2,"featured_media":0,"parent":0,"menu_order":0,"comment_status":"closed","ping_status":"open","template":"elementor_header_footer","meta":{"footnotes":""},"class_list":["post-1236","page","type-page","status-publish","hentry"],"_links":{"self":[{"href":"https:\/\/vivazenhealingresort.com\/es\/wp-json\/wp\/v2\/pages\/1236","targetHints":{"allow":["GET"]}}],"collection":[{"href":"https:\/\/vivazenhealingresort.com\/es\/wp-json\/wp\/v2\/pages"}],"about":[{"href":"https:\/\/vivazenhealingresort.com\/es\/wp-json\/wp\/v2\/types\/page"}],"author":[{"embeddable":true,"href":"https:\/\/vivazenhealingresort.com\/es\/wp-json\/wp\/v2\/users\/2"}],"replies":[{"embeddable":true,"href":"https:\/\/vivazenhealingresort.com\/es\/wp-json\/wp\/v2\/comments?post=1236"}],"version-history":[{"count":19,"href":"https:\/\/vivazenhealingresort.com\/es\/wp-json\/wp\/v2\/pages\/1236\/revisions"}],"predecessor-version":[{"id":1388,"href":"https:\/\/vivazenhealingresort.com\/es\/wp-json\/wp\/v2\/pages\/1236\/revisions\/1388"}],"wp:attachment":[{"href":"https:\/\/vivazenhealingresort.com\/es\/wp-json\/wp\/v2\/media?parent=1236"}],"curies":[{"name":"wp","href":"https:\/\/api.w.org\/{rel}","templated":true}]}}